{"id":5003,"date":"2020-10-01T14:19:33","date_gmt":"2020-10-01T18:19:33","guid":{"rendered":"http:\/\/accompagnementfga.ca\/SCFGAFP\/?page_id=5003"},"modified":"2020-10-01T14:20:00","modified_gmt":"2020-10-01T18:20:00","slug":"journee-de-la-rencontre-nationale-2019-sur-les-services-educatifs-complementaires","status":"publish","type":"page","link":"http:\/\/accompagnementfga.ca\/SCFGAFP\/journee-de-la-rencontre-nationale-2019-sur-les-services-educatifs-complementaires\/","title":{"rendered":"Journ\u00e9e de la rencontre nationale 2019 sur les services \u00e9ducatifs compl\u00e9mentaires"},"content":{"rendered":"<section class=\"wpb-content-wrapper\"><p>[vc_row row_type=\u00a0\u00bbrow\u00a0\u00bb use_row_as_full_screen_section=\u00a0\u00bbno\u00a0\u00bb type=\u00a0\u00bbfull_width\u00a0\u00bb text_align=\u00a0\u00bbleft\u00a0\u00bb css_animation=\u00a0\u00bb\u00a0\u00bb][vc_column][vc_column_text]<\/p>\n<h3><strong>Nous vous invitons \u00e0 naviguer dans les diff\u00e9rentes sections de cette page.<\/strong><\/h3>\n<h4><span style=\"font-size: 16px; font-family: Georgia, 'Times New Roman', 'Bitstream Charter', Times, serif; white-space: normal; word-spacing: 0px; text-transform: none; float: none; font-weight: 400; color: #333333; font-style: normal; orphans: 2; widows: 2; display: inline !important; letter-spacing: normal; background-color: #ffffff; text-indent: 0px; font-variant-ligatures: normal; font-variant-caps: normal; -webkit-text-stroke-width: 0px; text-decoration-style: initial; text-decoration-color: initial;\">Vous y retrouverez les diff\u00e9rentes pr\u00e9sentations de chacun des ateliers\u00a0 des trois blocs de formation offerts lors de la journ\u00e9e de la\u00a0rencontre nationale sur les services \u00e9ducatifs compl\u00e9mentaires du 23 janvier dernier.\u00a0<\/span><\/h4>\n<p><span style=\"font-size: 10px; font-family: Georgia, 'Times New Roman', 'Bitstream Charter', Times, serif; white-space: normal; word-spacing: 0px; text-transform: none; float: none; color: #333333; font-style: normal; orphans: 2; widows: 2; letter-spacing: normal; background-color: #ffffff; text-indent: 0px; font-variant-ligatures: normal; font-variant-caps: normal; -webkit-text-stroke-width: 0px; text-decoration-style: initial; text-decoration-color: initial; display: inline !important;\">*Certaines\u00a0<\/span><span style=\"font-size: 10px; font-family: Georgia, 'Times New Roman', 'Bitstream Charter', Times, serif; white-space: normal; word-spacing: 0px; text-transform: none; float: none; color: #333333; font-style: normal; orphans: 2; widows: 2; letter-spacing: normal; background-color: #ffffff; text-indent: 0px; font-variant-ligatures: normal; font-variant-caps: normal; -webkit-text-stroke-width: 0px; text-decoration-style: initial; text-decoration-color: initial; display: inline !important;\">pr\u00e9sentations ne sont pas disponibles pour le moment. Elles seront ajout\u00e9es d\u00e8s que les pr\u00e9sentateurs nous les auront fait parvenir.\u00a0<\/span><span style=\"font-size: 10px; font-family: Georgia, 'Times New Roman', 'Bitstream Charter', Times, serif; white-space: normal; word-spacing: 0px; text-transform: none; float: none; color: #333333; font-style: normal; orphans: 2; widows: 2; letter-spacing: normal; background-color: #ffffff; text-indent: 0px; font-variant-ligatures: normal; font-variant-caps: normal; -webkit-text-stroke-width: 0px; text-decoration-style: initial; text-decoration-color: initial; display: inline !important;\">Merci de votre compr\u00e9hension!<\/span>[\/vc_column_text][\/vc_column][\/vc_row][vc_row row_type=\u00a0\u00bbrow\u00a0\u00bb use_row_as_full_screen_section=\u00a0\u00bbno\u00a0\u00bb type=\u00a0\u00bbfull_width\u00a0\u00bb text_align=\u00a0\u00bbleft\u00a0\u00bb css_animation=\u00a0\u00bb\u00a0\u00bb][vc_column width=\u00a0\u00bb1\/3&Prime;][vc_column_text]<\/p>\n<h3>Bloc A<\/h3>\n<p>[\/vc_column_text][vc_accordion active_tab=\u00a0\u00bb0&Prime; collapsible=\u00a0\u00bbyes\u00a0\u00bb style=\u00a0\u00bbtoggle\u00a0\u00bb][vc_accordion_tab title=\u00a0\u00bbAteliers\u00a0\u00bb][vc_column_text]<strong>Atelier A4<\/strong><\/p>\n<p><a href=\"http:\/\/accompagnementfga.ca\/SCFGAFP\/wp-content\/uploads\/2019\/02\/Atelier_A4_Sassurer-de-la-reussite-des-eleves-par-les-SEC.pptx\">Atelier A4 S&rsquo;assurer de la r\u00e9ussite des \u00e9l\u00e8ves par les SEC<\/a>[\/vc_column_text][\/vc_accordion_tab][\/vc_accordion][\/vc_column][vc_column width=\u00a0\u00bb1\/3&Prime;][vc_column_text]<\/p>\n<h3>Bloc B<\/h3>\n<p>[\/vc_column_text][vc_accordion active_tab=\u00a0\u00bb0&Prime; collapsible=\u00a0\u00bbyes\u00a0\u00bb style=\u00a0\u00bbtoggle\u00a0\u00bb][vc_accordion_tab title=\u00a0\u00bbAteliers\u00a0\u00bb][vc_column_text]<strong>Atelier B2<\/strong><\/p>\n<ul>\n<li><a href=\"http:\/\/accompagnementfga.ca\/SCFGAFP\/wp-content\/uploads\/2019\/02\/Atelier_B2_Intervenir-pour-Reussir.pptx\">Atelier B2 Intervenir pour r\u00e9ussir<\/a>\n<ul>\n<li><a href=\"http:\/\/accompagnementfga.ca\/SCFGAFP\/wp-content\/uploads\/2019\/02\/Atelier_B2_Intervenir-pour-Reussir_Annexe.pdf\">Atelier B2 Intervenir pour r\u00e9ussir &#8211; Annexe<\/a><\/li>\n<\/ul>\n<\/li>\n<\/ul>\n<p><strong>Atelier B3<\/strong><\/p>\n<ul>\n<li><a href=\"http:\/\/accompagnementfga.ca\/SCFGAFP\/wp-content\/uploads\/2019\/02\/Atelier_B3_accomp-equipe-implantation-CUA.pptx\">Atelier_B3_Accompagnement d&rsquo;une \u00e9quipe dans l&rsquo;implantation\u00a0 de la CUA<\/a><\/li>\n<\/ul>\n<p><strong>Atelier B4<\/strong><\/p>\n<ul>\n<li><a href=\"http:\/\/accompagnementfga.ca\/SCFGAFP\/wp-content\/uploads\/2019\/02\/Atelier_B4_Demarche-elab-plan-daction-EBP-en-FP.pdf\">Atelier B4 D\u00e9marche \u00e9laboration d&rsquo;un plan d&rsquo;action EBP en FP<\/a>\n<ul>\n<li><a href=\"http:\/\/accompagnementfga.ca\/SCFGAFP\/wp-content\/uploads\/2019\/02\/Atelier_B4_Demarche-elab-plan-daction-EBP-en-FP_Annexe.pdf\">Atelier B4 D\u00e9marche \u00e9laboration d&rsquo;un plan d&rsquo;action EBP en FP &#8211; Annexe<\/a><\/li>\n<\/ul>\n<\/li>\n<\/ul>\n<p><strong>Atelier B6<\/strong><\/p>\n<ul>\n<li><a href=\"http:\/\/accompagnementfga.ca\/SCFGAFP\/wp-content\/uploads\/2019\/02\/Atelier_B6_Accomp-dev-prof-des-enseignants.pdf\">Atelier B6 Accompagnement d\u00e9veloppement professionnel des enseignants<\/a><\/li>\n<\/ul>\n<p>[\/vc_column_text][\/vc_accordion_tab][\/vc_accordion][\/vc_column][vc_column width=\u00a0\u00bb1\/3&Prime;][vc_column_text]<\/p>\n<h3>Bloc C<\/h3>\n<p>[\/vc_column_text][vc_accordion active_tab=\u00a0\u00bb0&Prime; collapsible=\u00a0\u00bbyes\u00a0\u00bb style=\u00a0\u00bbtoggle\u00a0\u00bb][vc_accordion_tab title=\u00a0\u00bbAteliers\u00a0\u00bb][vc_column_text]<strong>Atelier C1<\/strong><\/p>\n<ul>\n<li><a href=\"http:\/\/accompagnementfga.ca\/SCFGAFP\/wp-content\/uploads\/2019\/02\/Atelier_C1_Du-stage-a-lemploi.pdf\">Atelier C1 Du stage \u00e0 l&#8217;emploi<\/a><\/li>\n<\/ul>\n<p><strong>Atelier C2<\/strong><\/p>\n<ul>\n<li><a href=\"http:\/\/accompagnementfga.ca\/SCFGAFP\/wp-content\/uploads\/2019\/02\/Atelier_C2_Ateliers-Reviens-a-la-base.pptx\">Atelier C2 Ateliers \u00ab\u00a0Reviens \u00e0 la base\u00a0\u00bb<\/a>\n<ul>\n<li><a href=\"http:\/\/accompagnementfga.ca\/SCFGAFP\/wp-content\/uploads\/2019\/02\/Atelier-C2_Atelier-Reviens-a-la-base_Annexe-1_Base1.docx\">Atelier C2 Ateliers \u00ab\u00a0Reviens \u00e0 la base\u00a0\u00bb &#8211; Annexe 1<\/a><\/li>\n<li><a href=\"http:\/\/accompagnementfga.ca\/SCFGAFP\/wp-content\/uploads\/2019\/02\/Atelier-C2_Atelier-Reviens-a-la-base_Annexe-2_Escalier-Tableau.docx\">Atelier C2 Ateliers \u00ab\u00a0Reviens \u00e0 la base\u00a0\u00bb &#8211; Annexe 2<\/a><\/li>\n<li><a href=\"http:\/\/accompagnementfga.ca\/SCFGAFP\/wp-content\/uploads\/2019\/02\/Atelier-C2_Atelier-Reviens-a-la-base_Annexe-3_OG_Atelier-BASE_Bilan.doc\">Atelier C2 Ateliers \u00ab\u00a0Reviens \u00e0 la base\u00a0\u00bb &#8211; Annexe 3<\/a><\/li>\n<li><a href=\"http:\/\/accompagnementfga.ca\/SCFGAFP\/wp-content\/uploads\/2019\/02\/Atelier-C2_Atelier-Reviens-a-la-base_Annexe-4_Changement.pdf\">Atelier C2 Ateliers \u00ab\u00a0Reviens \u00e0 la base\u00a0\u00bb &#8211; Annexe 4<\/a><\/li>\n<li><a href=\"http:\/\/accompagnementfga.ca\/SCFGAFP\/wp-content\/uploads\/2019\/02\/Atelier-C2_Atelier-Reviens-a-la-base_Annexe-5_Formulaire-de-reference.docx\">Atelier C2 Ateliers \u00ab\u00a0Reviens \u00e0 la base\u00a0\u00bb &#8211; Annexe 5<\/a><\/li>\n<li><a href=\"http:\/\/accompagnementfga.ca\/SCFGAFP\/wp-content\/uploads\/2019\/02\/Atelier-C2_Atelier-Reviens-a-la-base_Annexe-6_Structure-des-ateliers-chaque-semaine.docx\">Atelier C2 Ateliers \u00ab\u00a0Reviens \u00e0 la base\u00a0\u00bb &#8211; Annexe 6<\/a><\/li>\n<\/ul>\n<\/li>\n<\/ul>\n<p><strong>Atelier C3<\/strong><\/p>\n<ul>\n<li><a href=\"http:\/\/accompagnementfga.ca\/SCFGAFP\/wp-content\/uploads\/2019\/02\/Atelier_C3_Implant.-cadre-reference-TES-en-FP.ppt\">Atelier C3 Implantation du cadre de r\u00e9f\u00e9rence TES en FP<\/a><\/li>\n<\/ul>\n<p><strong>Atelier C8<\/strong><\/p>\n<ul>\n<li><a href=\"http:\/\/accompagnementfga.ca\/SCFGAFP\/wp-content\/uploads\/2019\/02\/Atelier_C8_Parametrisation-du-suivi-des-eleves.pptx\">Atelier C8 Param\u00e9trisation du suivi des \u00e9l\u00e8ves<\/a><\/li>\n<\/ul>\n<p>[\/vc_column_text][\/vc_accordion_tab][\/vc_accordion][\/vc_column][\/vc_row]<\/p>\n<\/section>","protected":false},"excerpt":{"rendered":"<p>[vc_row row_type=\u00a0\u00bbrow\u00a0\u00bb use_row_as_full_screen_section=\u00a0\u00bbno\u00a0\u00bb type=\u00a0\u00bbfull_width\u00a0\u00bb text_align=\u00a0\u00bbleft\u00a0\u00bb css_animation=\u00a0\u00bb\u00a0\u00bb][vc_column][vc_column_text] Nous vous invitons \u00e0 naviguer dans les diff\u00e9rentes sections de cette page. Vous y retrouverez les diff\u00e9rentes pr\u00e9sentations de chacun des ateliers\u00a0 des trois blocs de formation offerts lors de la journ\u00e9e de la\u00a0rencontre nationale sur les services \u00e9ducatifs&#8230;<\/p>\n","protected":false},"author":1,"featured_media":0,"parent":0,"menu_order":0,"comment_status":"closed","ping_status":"closed","template":"","meta":{"footnotes":"","_links_to":"","_links_to_target":""},"_links":{"self":[{"href":"http:\/\/accompagnementfga.ca\/SCFGAFP\/wp-json\/wp\/v2\/pages\/5003"}],"collection":[{"href":"http:\/\/accompagnementfga.ca\/SCFGAFP\/wp-json\/wp\/v2\/pages"}],"about":[{"href":"http:\/\/accompagnementfga.ca\/SCFGAFP\/wp-json\/wp\/v2\/types\/page"}],"author":[{"embeddable":true,"href":"http:\/\/accompagnementfga.ca\/SCFGAFP\/wp-json\/wp\/v2\/users\/1"}],"replies":[{"embeddable":true,"href":"http:\/\/accompagnementfga.ca\/SCFGAFP\/wp-json\/wp\/v2\/comments?post=5003"}],"version-history":[{"count":1,"href":"http:\/\/accompagnementfga.ca\/SCFGAFP\/wp-json\/wp\/v2\/pages\/5003\/revisions"}],"predecessor-version":[{"id":5004,"href":"http:\/\/accompagnementfga.ca\/SCFGAFP\/wp-json\/wp\/v2\/pages\/5003\/revisions\/5004"}],"wp:attachment":[{"href":"http:\/\/accompagnementfga.ca\/SCFGAFP\/wp-json\/wp\/v2\/media?parent=5003"}],"curies":[{"name":"wp","href":"https:\/\/api.w.org\/{rel}","templated":true}]}}