{"id":3206,"date":"2019-02-20T10:27:02","date_gmt":"2019-02-20T14:27:02","guid":{"rendered":"http:\/\/accompagnementfga.ca\/SCFGAFP\/?page_id=3206"},"modified":"2020-10-01T14:21:47","modified_gmt":"2020-10-01T18:21:47","slug":"rencontre-nationale-sur-les-services-educatifs-complementaires-en-formation-professionnelle-fp-et-en-formation-generale-des-adultes-fga-23-janvier-2019","status":"publish","type":"page","link":"http:\/\/accompagnementfga.ca\/SCFGAFP\/rencontre-nationale-sur-les-services-educatifs-complementaires-en-formation-professionnelle-fp-et-en-formation-generale-des-adultes-fga-23-janvier-2019\/","title":{"rendered":"\u00c9v\u00e9nements"},"content":{"rendered":"<p>\u00c0 venir<\/p>\n","protected":false},"excerpt":{"rendered":"<p>\u00c0 venir<\/p>\n","protected":false},"author":5,"featured_media":0,"parent":0,"menu_order":0,"comment_status":"closed","ping_status":"closed","template":"","meta":{"footnotes":"","_links_to":"","_links_to_target":""},"_links":{"self":[{"href":"http:\/\/accompagnementfga.ca\/SCFGAFP\/wp-json\/wp\/v2\/pages\/3206"}],"collection":[{"href":"http:\/\/accompagnementfga.ca\/SCFGAFP\/wp-json\/wp\/v2\/pages"}],"about":[{"href":"http:\/\/accompagnementfga.ca\/SCFGAFP\/wp-json\/wp\/v2\/types\/page"}],"author":[{"embeddable":true,"href":"http:\/\/accompagnementfga.ca\/SCFGAFP\/wp-json\/wp\/v2\/users\/5"}],"replies":[{"embeddable":true,"href":"http:\/\/accompagnementfga.ca\/SCFGAFP\/wp-json\/wp\/v2\/comments?post=3206"}],"version-history":[{"count":23,"href":"http:\/\/accompagnementfga.ca\/SCFGAFP\/wp-json\/wp\/v2\/pages\/3206\/revisions"}],"predecessor-version":[{"id":5007,"href":"http:\/\/accompagnementfga.ca\/SCFGAFP\/wp-json\/wp\/v2\/pages\/3206\/revisions\/5007"}],"wp:attachment":[{"href":"http:\/\/accompagnementfga.ca\/SCFGAFP\/wp-json\/wp\/v2\/media?parent=3206"}],"curies":[{"name":"wp","href":"https:\/\/api.w.org\/{rel}","templated":true}]}}